{"id":7999,"date":"2023-02-06T16:50:23","date_gmt":"2023-02-06T14:50:23","guid":{"rendered":"https:\/\/bestranger.eu\/?page_id=7999"},"modified":"2023-02-06T16:52:13","modified_gmt":"2023-02-06T14:52:13","slug":"edit-profile","status":"publish","type":"page","link":"https:\/\/bestranger.eu\/en\/new-registration\/edit-profile\/","title":{"rendered":"Edit profile"},"content":{"rendered":"\n\n\t\n\t<form id=\"rcp_login_form\"  class=\"rcp_form\" method=\"POST\" action=\"https:\/\/bestranger.eu\/en\/wp-json\/wp\/v2\/pages\/7999\/\">\n\n\t\t\n\t\t<fieldset class=\"rcp_login_data\">\n\t\t\t<p>\n\t\t\t\t<label for=\"rcp_user_login\">Username or Email<\/label>\n\t\t\t\t<input name=\"rcp_user_login\" id=\"rcp_user_login\" class=\"required\" type=\"text\"\/>\n\t\t\t<\/p>\n\t\t\t<p>\n\t\t\t\t<label for=\"rcp_user_pass\">Password<\/label>\n\t\t\t\t<input name=\"rcp_user_pass\" id=\"rcp_user_pass\" class=\"required\" type=\"password\"\/>\n\t\t\t<\/p>\n\t\t\t\t\t\t<p>\n\t\t\t\t<input type=\"checkbox\" name=\"rcp_user_remember\" id=\"rcp_user_remember\" value=\"1\"\/>\n\t\t\t\t<label for=\"rcp_user_remember\">Remember me<\/label>\n\t\t\t<\/p>\n\t\t\t<p class=\"rcp_lost_password\"><a href=\"\/en\/wp-json\/wp\/v2\/pages\/7999?rcp_action=lostpassword\">Lost your password?<\/a><\/p>\n\t\t\t<p>\n\t\t\t\t<input type=\"hidden\" name=\"rcp_action\" value=\"login\"\/>\n\t\t\t\t\t\t\t\t\t<input type=\"hidden\" name=\"rcp_redirect\" value=\"https:\/\/bestranger.eu\/en\/wp-json\/wp\/v2\/pages\/7999\/\"\/>\n\t\t\t\t\t\t\t\t<input type=\"hidden\" name=\"rcp_login_nonce\" value=\"97ad2c19d9\"\/>\n\t\t\t\t<input id=\"rcp_login_submit\" class=\"rcp-button\" type=\"submit\" value=\"Login\"\/>\n\t\t\t<\/p>\n\t\t\t\t\t<\/fieldset>\n\n\t\t\n\t<\/form>\n\n","protected":false},"excerpt":{"rendered":"<p>Username or Email Password Remember me Lost your password?<\/p>\n","protected":false},"author":1,"featured_media":0,"parent":7996,"menu_order":0,"comment_status":"closed","ping_status":"closed","template":"","meta":{"_editorskit_title_hidden":false,"_editorskit_reading_time":1,"_editorskit_is_block_options_detached":false,"_editorskit_block_options_position":"{}","footnotes":""},"class_list":["post-7999","page","type-page","status-publish","hentry"],"yoast_head":"<!-- This site is optimized with the Yoast SEO Premium plugin v26.7 (Yoast SEO v27.3) - https:\/\/yoast.com\/product\/yoast-seo-premium-wordpress\/ -->\n<title>Edit profile - Michael \u0160ub\u00e1k IT BLOG | BestRanger.eu<\/title>\n<meta name=\"robots\" content=\"index, follow, max-snippet:-1, max-image-preview:large, max-video-preview:-1\" \/>\n<link rel=\"canonical\" href=\"https:\/\/bestranger.eu\/en\/new-registration\/edit-profile\/\" \/>\n<meta property=\"og:locale\" content=\"en_US\" \/>\n<meta property=\"og:type\" content=\"article\" \/>\n<meta property=\"og:title\" content=\"Edit profile\" \/>\n<meta property=\"og:description\" content=\"Username or Email Password Remember me Lost your password?\" \/>\n<meta property=\"og:url\" content=\"https:\/\/bestranger.eu\/en\/new-registration\/edit-profile\/\" \/>\n<meta property=\"og:site_name\" content=\"Michael \u0160ub\u00e1k IT BLOG | BestRanger.eu\" \/>\n<meta property=\"article:publisher\" content=\"https:\/\/www.facebook.com\/BestRanger.eu\" \/>\n<meta property=\"article:modified_time\" content=\"2023-02-06T14:52:13+00:00\" \/>\n<meta property=\"og:image\" content=\"https:\/\/bestranger.eu\/wp-content\/uploads\/2018\/12\/IT-Blog.jpg\" \/>\n\t<meta property=\"og:image:width\" content=\"1080\" \/>\n\t<meta property=\"og:image:height\" content=\"600\" \/>\n\t<meta property=\"og:image:type\" content=\"image\/jpeg\" \/>\n<meta name=\"twitter:card\" content=\"summary_large_image\" \/>\n<meta name=\"twitter:site\" content=\"@BestRanger2\" \/>\n<meta name=\"twitter:label1\" content=\"Est. reading time\" \/>\n\t<meta name=\"twitter:data1\" content=\"1 minute\" \/>\n<script type=\"application\/ld+json\" class=\"yoast-schema-graph\">{\"@context\":\"https:\\\/\\\/schema.org\",\"@graph\":[{\"@type\":\"WebPage\",\"@id\":\"https:\\\/\\\/bestranger.eu\\\/en\\\/new-registration\\\/edit-profile\\\/\",\"url\":\"https:\\\/\\\/bestranger.eu\\\/en\\\/new-registration\\\/edit-profile\\\/\",\"name\":\"Edit profile - Michael \u0160ub\u00e1k IT BLOG | BestRanger.eu\",\"isPartOf\":{\"@id\":\"https:\\\/\\\/bestranger.eu\\\/en\\\/#website\"},\"datePublished\":\"2023-02-06T14:50:23+00:00\",\"dateModified\":\"2023-02-06T14:52:13+00:00\",\"breadcrumb\":{\"@id\":\"https:\\\/\\\/bestranger.eu\\\/en\\\/new-registration\\\/edit-profile\\\/#breadcrumb\"},\"inLanguage\":\"en-US\",\"potentialAction\":[{\"@type\":\"ReadAction\",\"target\":[\"https:\\\/\\\/bestranger.eu\\\/en\\\/new-registration\\\/edit-profile\\\/\"]}]},{\"@type\":\"BreadcrumbList\",\"@id\":\"https:\\\/\\\/bestranger.eu\\\/en\\\/new-registration\\\/edit-profile\\\/#breadcrumb\",\"itemListElement\":[{\"@type\":\"ListItem\",\"position\":1,\"name\":\"Register\",\"item\":\"https:\\\/\\\/bestranger.eu\\\/en\\\/new-registration\\\/\"},{\"@type\":\"ListItem\",\"position\":2,\"name\":\"Edit profile\"}]},{\"@type\":\"WebSite\",\"@id\":\"https:\\\/\\\/bestranger.eu\\\/en\\\/#website\",\"url\":\"https:\\\/\\\/bestranger.eu\\\/en\\\/\",\"name\":\"Michael \u0160ub\u00e1k IT BLOG | BestRanger.eu\",\"description\":\"Blog o IT, Androide, Xboxe, zauj\u00edmavostiach. N\u00e1jdete tu aj recenzie android zariaden\u00ed,aplik\u00e1ci\u00ed,hier, IT veci\u010diek.\",\"potentialAction\":[{\"@type\":\"SearchAction\",\"target\":{\"@type\":\"EntryPoint\",\"urlTemplate\":\"https:\\\/\\\/bestranger.eu\\\/en\\\/?s={search_term_string}\"},\"query-input\":{\"@type\":\"PropertyValueSpecification\",\"valueRequired\":true,\"valueName\":\"search_term_string\"}}],\"inLanguage\":\"en-US\"}]}<\/script>\n<!-- \/ Yoast SEO Premium plugin. -->","yoast_head_json":{"title":"Edit profile - Michael \u0160ub\u00e1k IT BLOG | BestRanger.eu","robots":{"index":"index","follow":"follow","max-snippet":"max-snippet:-1","max-image-preview":"max-image-preview:large","max-video-preview":"max-video-preview:-1"},"canonical":"https:\/\/bestranger.eu\/en\/new-registration\/edit-profile\/","og_locale":"en_US","og_type":"article","og_title":"Edit profile","og_description":"Username or Email Password Remember me Lost your password?","og_url":"https:\/\/bestranger.eu\/en\/new-registration\/edit-profile\/","og_site_name":"Michael \u0160ub\u00e1k IT BLOG | BestRanger.eu","article_publisher":"https:\/\/www.facebook.com\/BestRanger.eu","article_modified_time":"2023-02-06T14:52:13+00:00","og_image":[{"width":1080,"height":600,"url":"https:\/\/bestranger.eu\/wp-content\/uploads\/2018\/12\/IT-Blog.jpg","type":"image\/jpeg"}],"twitter_card":"summary_large_image","twitter_site":"@BestRanger2","twitter_misc":{"Est. reading time":"1 minute"},"schema":{"@context":"https:\/\/schema.org","@graph":[{"@type":"WebPage","@id":"https:\/\/bestranger.eu\/en\/new-registration\/edit-profile\/","url":"https:\/\/bestranger.eu\/en\/new-registration\/edit-profile\/","name":"Edit profile - Michael \u0160ub\u00e1k IT BLOG | BestRanger.eu","isPartOf":{"@id":"https:\/\/bestranger.eu\/en\/#website"},"datePublished":"2023-02-06T14:50:23+00:00","dateModified":"2023-02-06T14:52:13+00:00","breadcrumb":{"@id":"https:\/\/bestranger.eu\/en\/new-registration\/edit-profile\/#breadcrumb"},"inLanguage":"en-US","potentialAction":[{"@type":"ReadAction","target":["https:\/\/bestranger.eu\/en\/new-registration\/edit-profile\/"]}]},{"@type":"BreadcrumbList","@id":"https:\/\/bestranger.eu\/en\/new-registration\/edit-profile\/#breadcrumb","itemListElement":[{"@type":"ListItem","position":1,"name":"Register","item":"https:\/\/bestranger.eu\/en\/new-registration\/"},{"@type":"ListItem","position":2,"name":"Edit profile"}]},{"@type":"WebSite","@id":"https:\/\/bestranger.eu\/en\/#website","url":"https:\/\/bestranger.eu\/en\/","name":"Michael \u0160ub\u00e1k IT BLOG | BestRanger.eu","description":"Blog o IT, Androide, Xboxe, zauj\u00edmavostiach. N\u00e1jdete tu aj recenzie android zariaden\u00ed,aplik\u00e1ci\u00ed,hier, IT veci\u010diek.","potentialAction":[{"@type":"SearchAction","target":{"@type":"EntryPoint","urlTemplate":"https:\/\/bestranger.eu\/en\/?s={search_term_string}"},"query-input":{"@type":"PropertyValueSpecification","valueRequired":true,"valueName":"search_term_string"}}],"inLanguage":"en-US"}]}},"_links":{"self":[{"href":"https:\/\/bestranger.eu\/en\/wp-json\/wp\/v2\/pages\/7999","targetHints":{"allow":["GET"]}}],"collection":[{"href":"https:\/\/bestranger.eu\/en\/wp-json\/wp\/v2\/pages"}],"about":[{"href":"https:\/\/bestranger.eu\/en\/wp-json\/wp\/v2\/types\/page"}],"author":[{"embeddable":true,"href":"https:\/\/bestranger.eu\/en\/wp-json\/wp\/v2\/users\/1"}],"replies":[{"embeddable":true,"href":"https:\/\/bestranger.eu\/en\/wp-json\/wp\/v2\/comments?post=7999"}],"version-history":[{"count":1,"href":"https:\/\/bestranger.eu\/en\/wp-json\/wp\/v2\/pages\/7999\/revisions"}],"predecessor-version":[{"id":8008,"href":"https:\/\/bestranger.eu\/en\/wp-json\/wp\/v2\/pages\/7999\/revisions\/8008"}],"up":[{"embeddable":true,"href":"https:\/\/bestranger.eu\/en\/wp-json\/wp\/v2\/pages\/7996"}],"wp:attachment":[{"href":"https:\/\/bestranger.eu\/en\/wp-json\/wp\/v2\/media?parent=7999"}],"curies":[{"name":"wp","href":"https:\/\/api.w.org\/{rel}","templated":true}]}}