{"id":7996,"date":"2023-02-06T16:51:11","date_gmt":"2023-02-06T14:51:11","guid":{"rendered":"https:\/\/bestranger.eu\/?page_id=7996"},"modified":"2023-02-06T17:15:59","modified_gmt":"2023-02-06T15:15:59","slug":"new-registration","status":"publish","type":"page","link":"https:\/\/bestranger.eu\/en\/new-registration\/","title":{"rendered":"Register"},"content":{"rendered":"\n<h3 class=\"rcp_header\">\n\tRegister New Account<\/h3>\n\n\n<form id=\"rcp_registration_form\" class=\"rcp_form\" method=\"POST\" action=\"https:\/\/bestranger.eu\/en\/wp-json\/wp\/v2\/pages\/7996\/\">\n\n\t\n\t\t\t<div class=\"rcp_login_link\">\n\t\t\t<p><a href=\"https:\/\/bestranger.eu\/wp-login.php?redirect_to=https%3A%2F%2Fbestranger.eu%2Fen%2Fwp-json%2Fwp%2Fv2%2Fpages%2F7996%2F\">Log in<\/a> to renew or change an existing membership.<\/p>\n\t\t<\/div>\n\n\t\t\n\t\t<fieldset class=\"rcp_user_fieldset\">\n\t\t\t<p id=\"rcp_user_login_wrap\">\n\t\t\t\t<label for=\"rcp_user_login\">Username<\/label>\n\t\t\t\t<input name=\"rcp_user_login\" id=\"rcp_user_login\" class=\"required\" type=\"text\" \/>\n\t\t\t<\/p>\n\t\t\t<p id=\"rcp_user_email_wrap\">\n\t\t\t\t<label for=\"rcp_user_email\">Email<\/label>\n\t\t\t\t<input name=\"rcp_user_email\" id=\"rcp_user_email\" class=\"required\" type=\"text\" \/>\n\t\t\t<\/p>\n\t\t\t<p id=\"rcp_user_first_wrap\" class=\"inline\">\n\t\t\t\t<label for=\"rcp_user_first\">First Name<\/label>\n\t\t\t\t<input name=\"rcp_user_first\" id=\"rcp_user_first\" type=\"text\" \/>\n\t\t\t<\/p>\n\t\t\t<p id=\"rcp_user_last_wrap\" class=\"inline-block\">\n\t\t\t\t<label for=\"rcp_user_last\">Last Name<\/label>\n\t\t\t\t<input name=\"rcp_user_last\" id=\"rcp_user_last\" type=\"text\" \/>\n\t\t\t<\/p>\n\t\t\t<p id=\"rcp_password_wrap\" class=\"inline\">\n\t\t\t\t<label for=\"rcp_password\">Password<\/label>\n\t\t\t\t<input name=\"rcp_user_pass\" id=\"rcp_password\" class=\"required\" type=\"password\"\/>\n\t\t\t<\/p>\n\t\t\t<p id=\"rcp_password_again_wrap\" class=\"inline-block\">\n\t\t\t\t<label for=\"rcp_password_again\">Password Again<\/label>\n\t\t\t\t<input name=\"rcp_user_pass_confirm\" id=\"rcp_password_again\" class=\"required\" type=\"password\"\/>\n\t\t\t<\/p>\n\n\t\t\t\n\t\t<\/fieldset>\n\t\n\t\n\t\t\t\t<fieldset class=\"rcp_subscription_fieldset\">\n\t\t\t\t\t\t\t\t\t<p class=\"rcp_subscription_message\">Choose your membership level<\/p>\n\t\t\t\t\t\t<ul id=\"rcp_subscription_levels\">\n\t\t\t\t\t\t\t\t\t\t\t\t\t\t<li class=\"rcp_subscription_level rcp_subscription_level_1\">\n\t\t\t\t\t\t<input type=\"radio\" id=\"rcp_subscription_level_1\" class=\"required rcp_level\" checked=\"checked\" name=\"rcp_level\" rel=\"4.99\" value=\"1\" \/>\n\t\t\t\t\t\t<label for=\"rcp_subscription_level_1\">\n\t\t\t\t\t\t\t<span class=\"rcp_subscription_level_name\">Mesa\u010dn\u00e9 predplatn\u00e9<\/span><span class=\"rcp_separator\">&nbsp;-&nbsp;<\/span><span class=\"rcp_price\" rel=\"4.99\">4.99&#8364;<\/span><span class=\"rcp_separator\">&nbsp;-&nbsp;<\/span>\n\t\t\t\t\t\t\t<span class=\"rcp_level_duration\">1&nbsp;Month<\/span>\n\t\t\t\t\t\t\t\t\t\t\t\t\t\t<div class=\"rcp_level_description\"> Cel\u00fd mesiac budete ma\u0165 pr\u00edstup k v\u0161etk\u00fdm \u010dl\u00e1nkom. M\u00f4\u017eete zru\u0161i\u0165 kedyko\u013evek.<\/div>\n\t\t\t\t\t\t<\/label>\n\t\t\t\t\t<\/li>\n\t\t\t\t\t\t\t\t\t\t\t\t\t\t\t\t\t\t\t<li class=\"rcp_subscription_level rcp_subscription_level_2\">\n\t\t\t\t\t\t<input type=\"radio\" id=\"rcp_subscription_level_2\" class=\"required rcp_level\"  name=\"rcp_level\" rel=\"45\" value=\"2\" \/>\n\t\t\t\t\t\t<label for=\"rcp_subscription_level_2\">\n\t\t\t\t\t\t\t<span class=\"rcp_subscription_level_name\">Ro\u010dn\u00e9 predplatn\u00e9<\/span><span class=\"rcp_separator\">&nbsp;-&nbsp;<\/span><span class=\"rcp_price\" rel=\"45\">45.00&#8364;<\/span><span class=\"rcp_separator\">&nbsp;-&nbsp;<\/span>\n\t\t\t\t\t\t\t<span class=\"rcp_level_duration\">1&nbsp;Year<\/span>\n\t\t\t\t\t\t\t\t\t\t\t\t\t\t<div class=\"rcp_level_description\"> Cel\u00fd rok budete ma\u0165 pr\u00edstup k pr\u00e9miov\u00fdm \u010dl\u00e1nkom.<\/div>\n\t\t\t\t\t\t<\/label>\n\t\t\t\t\t<\/li>\n\t\t\t\t\t\t\t\t\t\t\t\t\t\t\t\t\t\t\t<li class=\"rcp_subscription_level rcp_subscription_level_3\">\n\t\t\t\t\t\t<input type=\"radio\" id=\"rcp_subscription_level_3\" class=\"required rcp_level\"  name=\"rcp_level\" rel=\"45\" value=\"3\" \/>\n\t\t\t\t\t\t<label for=\"rcp_subscription_level_3\">\n\t\t\t\t\t\t\t<span class=\"rcp_subscription_level_name\">Annual subscription<\/span><span class=\"rcp_separator\">&nbsp;-&nbsp;<\/span><span class=\"rcp_price\" rel=\"45\">45.00&#8364;<\/span><span class=\"rcp_separator\">&nbsp;-&nbsp;<\/span>\n\t\t\t\t\t\t\t<span class=\"rcp_level_duration\">1&nbsp;Year<\/span>\n\t\t\t\t\t\t\t\t\t\t\t\t\t\t<div class=\"rcp_level_description\"> You will have access to premium articles written in English throughout the year.<\/div>\n\t\t\t\t\t\t<\/label>\n\t\t\t\t\t<\/li>\n\t\t\t\t\t\t\t\t\t\t\t\t\t\t\t\t\t\t\t<li class=\"rcp_subscription_level rcp_subscription_level_4\">\n\t\t\t\t\t\t<input type=\"radio\" id=\"rcp_subscription_level_4\" class=\"required rcp_level\"  name=\"rcp_level\" rel=\"4.99\" value=\"4\" \/>\n\t\t\t\t\t\t<label for=\"rcp_subscription_level_4\">\n\t\t\t\t\t\t\t<span class=\"rcp_subscription_level_name\">Monthly subscription<\/span><span class=\"rcp_separator\">&nbsp;-&nbsp;<\/span><span class=\"rcp_price\" rel=\"4.99\">4.99&#8364;<\/span><span class=\"rcp_separator\">&nbsp;-&nbsp;<\/span>\n\t\t\t\t\t\t\t<span class=\"rcp_level_duration\">1&nbsp;Month<\/span>\n\t\t\t\t\t\t\t\t\t\t\t\t\t\t<div class=\"rcp_level_description\"> You will have access to all articles written in English for a whole month. You can cancel anytime.<\/div>\n\t\t\t\t\t\t<\/label>\n\t\t\t\t\t<\/li>\n\t\t\t\t\t\t\t\t\t\t\t\t\t\t\t\t\t\t\t<li class=\"rcp_subscription_level rcp_subscription_level_5\">\n\t\t\t\t\t\t<input type=\"radio\" id=\"rcp_subscription_level_5\" class=\"required rcp_level\"  name=\"rcp_level\" rel=\"1.99\" value=\"5\" \/>\n\t\t\t\t\t\t<label for=\"rcp_subscription_level_5\">\n\t\t\t\t\t\t\t<span class=\"rcp_subscription_level_name\">10-d\u0148ov\u00e9 \u010dlenstvo bez obnovovania<\/span><span class=\"rcp_separator\">&nbsp;-&nbsp;<\/span><span class=\"rcp_price\" rel=\"1.99\">1.99&#8364;<\/span><span class=\"rcp_separator\">&nbsp;-&nbsp;<\/span>\n\t\t\t\t\t\t\t<span class=\"rcp_level_duration\">10&nbsp;Days<\/span>\n\t\t\t\t\t\t\t\t\t\t\t\t\t\t<div class=\"rcp_level_description\"> Budete ma\u0165 pr\u00edstup k \u010dl\u00e1nkom na 10 dn\u00ed bez potreby mesa\u010dn\u00e9ho predplatn\u00e9ho.<\/div>\n\t\t\t\t\t\t<\/label>\n\t\t\t\t\t<\/li>\n\t\t\t\t\t\t\t\t\t\t\t\t\t\t\t\t\t\t\t<li class=\"rcp_subscription_level rcp_subscription_level_6\">\n\t\t\t\t\t\t<input type=\"radio\" id=\"rcp_subscription_level_6\" class=\"required rcp_level\"  name=\"rcp_level\" rel=\"1.99\" value=\"6\" \/>\n\t\t\t\t\t\t<label for=\"rcp_subscription_level_6\">\n\t\t\t\t\t\t\t<span class=\"rcp_subscription_level_name\">10-day membership without renewal<\/span><span class=\"rcp_separator\">&nbsp;-&nbsp;<\/span><span class=\"rcp_price\" rel=\"1.99\">1.99&#8364;<\/span><span class=\"rcp_separator\">&nbsp;-&nbsp;<\/span>\n\t\t\t\t\t\t\t<span class=\"rcp_level_duration\">10&nbsp;Days<\/span>\n\t\t\t\t\t\t\t\t\t\t\t\t\t\t<div class=\"rcp_level_description\"> You will get access to articles for 10 days without the need to subscribe to a monthly membership.<\/div>\n\t\t\t\t\t\t<\/label>\n\t\t\t\t\t<\/li>\n\t\t\t\t\t\t\t\t\t\t\t\t<\/ul>\n\t\t\t\t<\/fieldset>\n\t\t<div class=\"rcp_registration_total\"><\/div>\n\t\t\t<div class=\"rcp_gateway_fields\">\n\t\t\t\t\t\t\t<fieldset class=\"rcp_gateways_fieldset\">\n\t\t\t\t\t<legend>Choose Your Payment Method<\/legend>\n\t\t\t\t\t<p id=\"rcp_payment_gateways\">\n\t\t\t\t\t\t\t\t\t\t\t\t\t<label for=\"rcp_gateway_manual\" class=\"rcp_gateway_option_label\">\n\t\t\t\t\t\t\t\t<input id=\"rcp_gateway_manual\" name=\"rcp_gateway\" type=\"radio\" class=\"rcp_gateway_option_input\" value=\"manual\" data-supports-recurring=\"no\" data-supports-trial=\"no\"  checked='checked'>\n\t\t\t\t\t\t\t\tManual Payment\t\t\t\t\t\t\t<\/label>\n\t\t\t\t\t\t\t\t\t\t\t\t\t<label for=\"rcp_gateway_stripe\" class=\"rcp_gateway_option_label\">\n\t\t\t\t\t\t\t\t<input id=\"rcp_gateway_stripe\" name=\"rcp_gateway\" type=\"radio\" class=\"rcp_gateway_option_input\" value=\"stripe\" data-supports-recurring=\"yes\" data-supports-trial=\"yes\" >\n\t\t\t\t\t\t\t\tCredit \/ Debit Card\t\t\t\t\t\t\t<\/label>\n\t\t\t\t\t\t\t\t\t\t\t<\/p>\n\t\t\t\t<\/fieldset>\n\t\t\t\t\t<\/div>\n\t\n\t\t\t<fieldset class=\"rcp_agree_to_terms_fieldset\">\n\t\t\t<p id=\"rcp_agree_to_terms_wrap\">\n\t\t\t\t<input type=\"checkbox\" id=\"rcp_agree_to_terms\" name=\"rcp_agree_to_terms\" value=\"1\">\n\t\t\t\t<label for=\"rcp_agree_to_terms\">\n\t\t\t\t\tS\u00fahlas\u00edm s podmienkami\t\t\t\t<\/label>\n\t\t\t<\/p>\n\t\t<\/fieldset>\n\t\n\t\n\t\t\t<p id=\"rcp_auto_renew_wrap\">\n\t\t\t<input name=\"rcp_auto_renew\" id=\"rcp_auto_renew\" type=\"checkbox\" \/>\n\t\t\t<label for=\"rcp_auto_renew\">Auto Renew<\/label>\n\t\t<\/p>\n\t\t<input type=\"hidden\" id=\"rcp-registration-type\" name=\"registration_type\" value=\"\" \/>\n\t<input type=\"hidden\" id=\"rcp-membership-id\" name=\"membership_id\" value=\"0\" \/>\n\t<input type=\"hidden\" id=\"rcp-payment-id\" name=\"rcp_registration_payment_id\" value=\"0\" \/>\n\t\n\t\n\t<p id=\"rcp_submit_wrap\">\n\t\t\t\t<input type=\"hidden\" name=\"rcp_register_nonce\" value=\"252f709e4a\"\/>\n\t\t<input type=\"submit\" name=\"rcp_submit_registration\" id=\"rcp_submit\" class=\"rcp-button\" value=\"Register\"\/>\n\t<\/p>\n<\/form>\n\n","protected":false},"excerpt":{"rendered":"<p>Register New Account Log in to renew or change an existing membership. Username Email First Name Last Name Password Password Again Choose your membership level Mesa\u010dn\u00e9 predplatn\u00e9&nbsp;&#8211;&nbsp;4.99&#8364;&nbsp;&#8211;&nbsp; 1&nbsp;Month Cel\u00fd mesiac budete ma\u0165 pr\u00edstup k v\u0161etk\u00fdm \u010dl\u00e1nkom. M\u00f4\u017eete zru\u0161i\u0165 kedyko\u013evek. Ro\u010dn\u00e9 predplatn\u00e9&nbsp;&#8211;&nbsp;45.00&#8364;&nbsp;&#8211;&nbsp; 1&nbsp;Year Cel\u00fd rok budete ma\u0165 pr\u00edstup k pr\u00e9miov\u00fdm \u010dl\u00e1nkom. Annual subscription&nbsp;&#8211;&nbsp;45.00&#8364;&nbsp;&#8211;&nbsp; 1&nbsp;Year You will [&hellip;]<\/p>\n","protected":false},"author":1,"featured_media":0,"parent":0,"menu_order":0,"comment_status":"closed","ping_status":"closed","template":"","meta":{"_editorskit_title_hidden":false,"_editorskit_reading_time":1,"_editorskit_is_block_options_detached":false,"_editorskit_block_options_position":"{}","footnotes":""},"class_list":["post-7996","page","type-page","status-publish","hentry"],"yoast_head":"<!-- This site is optimized with the Yoast SEO Premium plugin v26.7 (Yoast SEO v27.3) - https:\/\/yoast.com\/product\/yoast-seo-premium-wordpress\/ -->\n<title>Register - Michael \u0160ub\u00e1k IT BLOG | BestRanger.eu<\/title>\n<meta name=\"robots\" content=\"index, follow, max-snippet:-1, max-image-preview:large, max-video-preview:-1\" \/>\n<link rel=\"canonical\" href=\"https:\/\/bestranger.eu\/en\/new-registration\/\" \/>\n<meta property=\"og:locale\" content=\"en_US\" \/>\n<meta property=\"og:type\" content=\"article\" \/>\n<meta property=\"og:title\" content=\"Register\" \/>\n<meta property=\"og:description\" content=\"Register New Account Log in to renew or change an existing membership. Username Email First Name Last Name Password Password Again Choose your membership level Mesa\u010dn\u00e9 predplatn\u00e9&nbsp;-&nbsp;4.99&#8364;&nbsp;-&nbsp; 1&nbsp;Month Cel\u00fd mesiac budete ma\u0165 pr\u00edstup k v\u0161etk\u00fdm \u010dl\u00e1nkom. M\u00f4\u017eete zru\u0161i\u0165 kedyko\u013evek. Ro\u010dn\u00e9 predplatn\u00e9&nbsp;-&nbsp;45.00&#8364;&nbsp;-&nbsp; 1&nbsp;Year Cel\u00fd rok budete ma\u0165 pr\u00edstup k pr\u00e9miov\u00fdm \u010dl\u00e1nkom. Annual subscription&nbsp;-&nbsp;45.00&#8364;&nbsp;-&nbsp; 1&nbsp;Year You will [&hellip;]\" \/>\n<meta property=\"og:url\" content=\"https:\/\/bestranger.eu\/en\/new-registration\/\" \/>\n<meta property=\"og:site_name\" content=\"Michael \u0160ub\u00e1k IT BLOG | BestRanger.eu\" \/>\n<meta property=\"article:publisher\" content=\"https:\/\/www.facebook.com\/BestRanger.eu\" \/>\n<meta property=\"article:modified_time\" content=\"2023-02-06T15:15:59+00:00\" \/>\n<meta property=\"og:image\" content=\"https:\/\/bestranger.eu\/wp-content\/uploads\/2018\/12\/IT-Blog.jpg\" \/>\n\t<meta property=\"og:image:width\" content=\"1080\" \/>\n\t<meta property=\"og:image:height\" content=\"600\" \/>\n\t<meta property=\"og:image:type\" content=\"image\/jpeg\" \/>\n<meta name=\"twitter:card\" content=\"summary_large_image\" \/>\n<meta name=\"twitter:site\" content=\"@BestRanger2\" \/>\n<meta name=\"twitter:label1\" content=\"Est. reading time\" \/>\n\t<meta name=\"twitter:data1\" content=\"1 minute\" \/>\n<script type=\"application\/ld+json\" class=\"yoast-schema-graph\">{\"@context\":\"https:\\\/\\\/schema.org\",\"@graph\":[{\"@type\":\"WebPage\",\"@id\":\"https:\\\/\\\/bestranger.eu\\\/en\\\/new-registration\\\/\",\"url\":\"https:\\\/\\\/bestranger.eu\\\/en\\\/new-registration\\\/\",\"name\":\"Register - Michael \u0160ub\u00e1k IT BLOG | BestRanger.eu\",\"isPartOf\":{\"@id\":\"https:\\\/\\\/bestranger.eu\\\/en\\\/#website\"},\"datePublished\":\"2023-02-06T14:51:11+00:00\",\"dateModified\":\"2023-02-06T15:15:59+00:00\",\"inLanguage\":\"en-US\",\"potentialAction\":[{\"@type\":\"ReadAction\",\"target\":[\"https:\\\/\\\/bestranger.eu\\\/en\\\/new-registration\\\/\"]}]},{\"@type\":\"WebSite\",\"@id\":\"https:\\\/\\\/bestranger.eu\\\/en\\\/#website\",\"url\":\"https:\\\/\\\/bestranger.eu\\\/en\\\/\",\"name\":\"Michael \u0160ub\u00e1k IT BLOG | BestRanger.eu\",\"description\":\"Blog o IT, Androide, Xboxe, zauj\u00edmavostiach. N\u00e1jdete tu aj recenzie android zariaden\u00ed,aplik\u00e1ci\u00ed,hier, IT veci\u010diek.\",\"potentialAction\":[{\"@type\":\"SearchAction\",\"target\":{\"@type\":\"EntryPoint\",\"urlTemplate\":\"https:\\\/\\\/bestranger.eu\\\/en\\\/?s={search_term_string}\"},\"query-input\":{\"@type\":\"PropertyValueSpecification\",\"valueRequired\":true,\"valueName\":\"search_term_string\"}}],\"inLanguage\":\"en-US\"}]}<\/script>\n<!-- \/ Yoast SEO Premium plugin. -->","yoast_head_json":{"title":"Register - Michael \u0160ub\u00e1k IT BLOG | BestRanger.eu","robots":{"index":"index","follow":"follow","max-snippet":"max-snippet:-1","max-image-preview":"max-image-preview:large","max-video-preview":"max-video-preview:-1"},"canonical":"https:\/\/bestranger.eu\/en\/new-registration\/","og_locale":"en_US","og_type":"article","og_title":"Register","og_description":"Register New Account Log in to renew or change an existing membership. Username Email First Name Last Name Password Password Again Choose your membership level Mesa\u010dn\u00e9 predplatn\u00e9&nbsp;-&nbsp;4.99&#8364;&nbsp;-&nbsp; 1&nbsp;Month Cel\u00fd mesiac budete ma\u0165 pr\u00edstup k v\u0161etk\u00fdm \u010dl\u00e1nkom. M\u00f4\u017eete zru\u0161i\u0165 kedyko\u013evek. Ro\u010dn\u00e9 predplatn\u00e9&nbsp;-&nbsp;45.00&#8364;&nbsp;-&nbsp; 1&nbsp;Year Cel\u00fd rok budete ma\u0165 pr\u00edstup k pr\u00e9miov\u00fdm \u010dl\u00e1nkom. Annual subscription&nbsp;-&nbsp;45.00&#8364;&nbsp;-&nbsp; 1&nbsp;Year You will [&hellip;]","og_url":"https:\/\/bestranger.eu\/en\/new-registration\/","og_site_name":"Michael \u0160ub\u00e1k IT BLOG | BestRanger.eu","article_publisher":"https:\/\/www.facebook.com\/BestRanger.eu","article_modified_time":"2023-02-06T15:15:59+00:00","og_image":[{"width":1080,"height":600,"url":"https:\/\/bestranger.eu\/wp-content\/uploads\/2018\/12\/IT-Blog.jpg","type":"image\/jpeg"}],"twitter_card":"summary_large_image","twitter_site":"@BestRanger2","twitter_misc":{"Est. reading time":"1 minute"},"schema":{"@context":"https:\/\/schema.org","@graph":[{"@type":"WebPage","@id":"https:\/\/bestranger.eu\/en\/new-registration\/","url":"https:\/\/bestranger.eu\/en\/new-registration\/","name":"Register - Michael \u0160ub\u00e1k IT BLOG | BestRanger.eu","isPartOf":{"@id":"https:\/\/bestranger.eu\/en\/#website"},"datePublished":"2023-02-06T14:51:11+00:00","dateModified":"2023-02-06T15:15:59+00:00","inLanguage":"en-US","potentialAction":[{"@type":"ReadAction","target":["https:\/\/bestranger.eu\/en\/new-registration\/"]}]},{"@type":"WebSite","@id":"https:\/\/bestranger.eu\/en\/#website","url":"https:\/\/bestranger.eu\/en\/","name":"Michael \u0160ub\u00e1k IT BLOG | BestRanger.eu","description":"Blog o IT, Androide, Xboxe, zauj\u00edmavostiach. N\u00e1jdete tu aj recenzie android zariaden\u00ed,aplik\u00e1ci\u00ed,hier, IT veci\u010diek.","potentialAction":[{"@type":"SearchAction","target":{"@type":"EntryPoint","urlTemplate":"https:\/\/bestranger.eu\/en\/?s={search_term_string}"},"query-input":{"@type":"PropertyValueSpecification","valueRequired":true,"valueName":"search_term_string"}}],"inLanguage":"en-US"}]}},"_links":{"self":[{"href":"https:\/\/bestranger.eu\/en\/wp-json\/wp\/v2\/pages\/7996","targetHints":{"allow":["GET"]}}],"collection":[{"href":"https:\/\/bestranger.eu\/en\/wp-json\/wp\/v2\/pages"}],"about":[{"href":"https:\/\/bestranger.eu\/en\/wp-json\/wp\/v2\/types\/page"}],"author":[{"embeddable":true,"href":"https:\/\/bestranger.eu\/en\/wp-json\/wp\/v2\/users\/1"}],"replies":[{"embeddable":true,"href":"https:\/\/bestranger.eu\/en\/wp-json\/wp\/v2\/comments?post=7996"}],"version-history":[{"count":1,"href":"https:\/\/bestranger.eu\/en\/wp-json\/wp\/v2\/pages\/7996\/revisions"}],"predecessor-version":[{"id":8013,"href":"https:\/\/bestranger.eu\/en\/wp-json\/wp\/v2\/pages\/7996\/revisions\/8013"}],"wp:attachment":[{"href":"https:\/\/bestranger.eu\/en\/wp-json\/wp\/v2\/media?parent=7996"}],"curies":[{"name":"wp","href":"https:\/\/api.w.org\/{rel}","templated":true}]}}